{"id":175,"date":"2022-10-17T08:19:43","date_gmt":"2022-10-17T06:19:43","guid":{"rendered":"https:\/\/alpenlaendische.at\/vorarlberg\/?page_id=175"},"modified":"2024-07-31T14:00:40","modified_gmt":"2024-07-31T12:00:40","slug":"geschichte","status":"publish","type":"page","link":"https:\/\/alpenlaendische.at\/tirol\/geschichte\/","title":{"rendered":"Geschichte"},"content":{"rendered":"\n<p>Die Alpenl\u00e4ndische Heimst\u00e4tte wurde am 1. Juli 1938 als \u201eTreuhandstelle f\u00fcr Wohnungs- und Kleinsiedlungswesen, Gesellschaft mbH.\u201c gegr\u00fcndet und zugleich als gemeinn\u00fctzige Bauvereinigung mit Sitz in Innsbruck und B\u00fcros in Bludenz und Salzburg anerkannt.<\/p>\n\n\n\n<h4 class=\"wp-block-heading\"><strong>Zweiter Weltkrieg und Nachkriegszeit<\/strong><\/h4>\n\n\n\n<p>Bis zum Ende der Kriegsjahre wurden von lediglich 20 Mitarbeiter:innen insgesamt 240 Siedlungsh\u00e4user und 1.130 Wohnungen projektiert. Frankreich verf\u00fcgte als Siegermacht ab 1945 \u00fcber die Gesch\u00e4ftsanteile und gestattete lediglich die technische Betreuung von Gemeinden. Neue Projekte wurden zu dieser Zeit nicht realisiert.<\/p>\n\n\n\n<p>Nach dem \u00dcbergang der Gesch\u00e4ftsanteile vom Deutschen Reich an die Republik \u00d6sterreich wurde die \u00f6ffentliche Verwaltung des Unternehmens im Mai 1955 aufgehoben. Die Alpenl\u00e4ndische Heimst\u00e4tte errichtete ab sofort wieder Wohnprojekte unter eigenem Namen.<\/p>\n\n\n\n<figure class=\"wp-block-image size-large\"><img loading=\"lazy\" decoding=\"async\" width=\"1024\" height=\"853\" src=\"https:\/\/alpenlaendische.at\/vorarlberg\/wp-content\/uploads\/sites\/15\/foto-geschichte-alpenlaendische-historisch-1024x853.jpg\" alt=\"historisches Foto der Viktor-Dank-Stra\u00dfe, schwarz-wei\u00df\" class=\"wp-image-3216\" srcset=\"https:\/\/alpenlaendische.at\/tirol\/wp-content\/uploads\/sites\/2\/foto-geschichte-alpenlaendische-historisch-1024x853.jpg 1024w, https:\/\/alpenlaendische.at\/tirol\/wp-content\/uploads\/sites\/2\/foto-geschichte-alpenlaendische-historisch-300x250.jpg 300w, https:\/\/alpenlaendische.at\/tirol\/wp-content\/uploads\/sites\/2\/foto-geschichte-alpenlaendische-historisch-768x640.jpg 768w, https:\/\/alpenlaendische.at\/tirol\/wp-content\/uploads\/sites\/2\/foto-geschichte-alpenlaendische-historisch.jpg 1200w\" sizes=\"auto, (max-width: 1024px) 100vw, 1024px\" \/><figcaption class=\"wp-element-caption\">Die historische Ansicht der Viktor-Dankl-Stra\u00dfe in den 50er\/60er-Jahren<\/figcaption><\/figure>\n\n\n\n<h4 class=\"wp-block-heading\">1970er und 1980er<\/h4>\n\n\n\n<p>Mit Ende des Jahres 1972 verwaltete die Alpenl\u00e4ndische Heimst\u00e4tte 1.698 Mietwohnungen und 862 Eigentumswohnungen sowie zus\u00e4tzlich 800 Mietwohnungen f\u00fcr die Gemeinden Schwaz, Kitzb\u00fchel und Wattens.<\/p>\n\n\n\n<p>In diesem Jahr tritt die Republik \u00d6sterreich 94 % der Anteile am Unternehmen an die Wiener Infrabau ab, was dem Revisionsverband der gemeinn\u00fctzigen Bauvereinigungen und dem Land Tirol als Aufsichtsbeh\u00f6rde wegen gemeinn\u00fctzlichkeitsrechtlich problematischer Verflechtungen der Infrabau bedenklich erscheint. Ab 1984 \u00fcbernahm daher die Wiener St\u00e4dtische Wechselseitige Versicherungsgesellschaft die Anteile der Infrabau.<\/p>\n\n\n\n<h4 class=\"wp-block-heading\">Erfolgreiches Wachstum<\/h4>\n\n\n\n<p>In der Folge w\u00e4chst der Wohnungsbestand der Alpenl\u00e4ndischen kontinuierlich an. Neben Miet- und Eigentumsobjekten werden auch Mietkaufwohnungen errichtet. Zum Bilanzstichtag 2023 sind in Tirol und Vorarlberg 570 Einheiten (inkl. TG-Abstellpl\u00e4tze) fertiggestellt, 657 Einheiten befinden sich in Errichtung und 2.287 Einheiten in der Bauvorbereitung.<\/p>\n\n\n\n<p>Der Verwaltungsbestand betrug mit Ende 2023 zusammen 24.913 Wohnungen, Lokale und Garagen, in den Neubau und die Gro\u00dfinstandsetzung werden j\u00e4hrlich rund \u20ac 60 Mio. investiert. <\/p>\n\n\n\n<figure class=\"wp-block-image size-full\"><img decoding=\"async\" src=\"https:\/\/alpenlaendische.at\/vorarlberg\/wp-content\/uploads\/sites\/15\/Alpenlaendische-Geschaeftsfuehrung-Zlotek-Springer.jpg\" alt=\"\" class=\"wp-image-11077\"\/><figcaption class=\"wp-element-caption\">Die Gesch\u00e4ftsf\u00fchrer der Alpenl\u00e4ndischen: Ing. Alexander Zlotek und Mag. (FH) Cornelia Springer<\/figcaption><\/figure>\n\n\n\n<p>Seit 2019 ist die \u201eHeimst\u00e4tte\u201c Geschichte, und die vollst\u00e4ndige Firmenbezeichnung lautet <em>\u201eAlpenl\u00e4ndische Gemeinn\u00fctzige WohnbauGmbH\u201c.<\/em><\/p>\n\n\n\n<p><strong>Umbau und Modernisierung<\/strong><\/p>\n\n\n\n<p>Nach zahlreichen Jahren in den alten B\u00fcror\u00e4umlichkeiten wurde es Zeit, f\u00fcr die Mitarbeiter:innen und Besucher:innen der Alpenl\u00e4ndischen eine neue, moderne und barrierefreie Umgebung zu schaffen. Die Bestandsfl\u00e4chen in Innsbruck wurden im Zuge der Bauarbeiten modernisiert und zus\u00e4tzliche B\u00fcrofl\u00e4chen geschaffen.<\/p>\n\n\n\n<figure class=\"wp-block-image size-large\"><img loading=\"lazy\" decoding=\"async\" width=\"1024\" height=\"614\" src=\"https:\/\/alpenlaendische.at\/vorarlberg\/wp-content\/uploads\/sites\/15\/foto-alpenlaendische-umbau-neues-buero-1024x614.jpg\" alt=\"Foto Empfangsbereich Alpenl\u00e4ndische nach dem Umbau\" class=\"wp-image-3217\" srcset=\"https:\/\/alpenlaendische.at\/tirol\/wp-content\/uploads\/sites\/2\/foto-alpenlaendische-umbau-neues-buero-1024x614.jpg 1024w, https:\/\/alpenlaendische.at\/tirol\/wp-content\/uploads\/sites\/2\/foto-alpenlaendische-umbau-neues-buero-300x180.jpg 300w, https:\/\/alpenlaendische.at\/tirol\/wp-content\/uploads\/sites\/2\/foto-alpenlaendische-umbau-neues-buero-768x460.jpg 768w, https:\/\/alpenlaendische.at\/tirol\/wp-content\/uploads\/sites\/2\/foto-alpenlaendische-umbau-neues-buero-1536x921.jpg 1536w, https:\/\/alpenlaendische.at\/tirol\/wp-content\/uploads\/sites\/2\/foto-alpenlaendische-umbau-neues-buero.jpg 2000w\" sizes=\"auto, (max-width: 1024px) 100vw, 1024px\" \/><figcaption class=\"wp-element-caption\">Unser neuer einladender und freundlicher Empfangsbereich.<\/figcaption><\/figure>\n\n\n\n<p>Nach einer Bauzeit von einem Jahr konnte die Fertigstellung der Umbauma\u00dfnahmen in der Viktor-Dankl-Stra\u00dfe in Innsbruck im Juli 2020 erfolgreich \u00fcber die B\u00fchne gebracht werden. Bereits im Sommer 2019 wurde mit den komplexen Arbeiten begonnen, wobei ein barrierefreier Eingang, die Schaffung neuer B\u00fcrofl\u00e4chen und die Modernisierung der Bestandsfl\u00e4chen oberstes Ziel des Projektes waren.<\/p>\n\n\n\n<h4 class=\"wp-block-heading\"><strong>85 Jahre Alpenl\u00e4ndische<\/strong><\/h4>\n\n\n\n<p>Im Jahre 2023 konnte die Alpenl\u00e4ndische anl\u00e4sslich des Firmenjubil\u00e4ums auf viele spannende Jahre zur\u00fcckblicken. In einer <a href=\"https:\/\/alpenlaendische.at\/tirol\/downloads\/#allgemein\">Sonderbeilage<\/a> wurden die Highlights der letzten Jahrzehnte gesammelt und \u00fcber die Bedeutung der Gemeinn\u00fctzigkeit, Innovationen und erfolgreiche Projekte und Partnerschaften, insbesondere mit den Tiroler und Vorarlberger Gemeinden, berichtet. Denn eine langfristige und vertrauensvolle Zusammenarbeit ist die beste Basis jedes Gemeinschaftsprojektes.<\/p>\n\n\n\n<p>Die Gesch\u00e4ftsf\u00fchrung nutzte diese Gelegenheit zudem, sich bei allen engagierten Mitarbeiter:innen zu bedanken, die tagt\u00e4glich daran arbeiten, leistbaren und qualit\u00e4tvollen Wohnraum f\u00fcr alle zu schaffen. Eine der wichtigsten Erkenntnisse, die das Unternehmen in seinem \u00fcber 85-j\u00e4hrigen Bestehen gewonnen hat, ist, dass der Erfahrungsschatz langj\u00e4hriger Mitarbeiter durch Nichts aufgewogen werden kann, aber auch der Input von neuen K\u00f6pfen im Team erfrischend sowie bereichernd wirkt. Mit der Kombination aus Erfahrung und Innovation gegen die Stagnation f\u00fcr eine nachhaltige Entwicklung am Wohnungsmarkt wird die Alpenl\u00e4ndische auch weiterhin erfolgreich sein.<\/p>\n\n\n\n<h4 class=\"wp-block-heading\">B\u00fcroerweiterung<\/h4>\n\n\n\n<p>Mit dem Umbau einer 120m\u00b2 gro\u00dfen Wohnung, welche an die B\u00fcror\u00e4umlichkeiten der Alpenl\u00e4ndischen in Innsbruck anschlie\u00dft, konnten f\u00fcnf zus\u00e4tzliche B\u00fcros, ein weiterer Balkon f\u00fcr die Mitarbeiter:innen, eine Multifunktionszone und neue Infrastruktur geschaffen werden. Die Bauarbeiten starteten im September 2023 und wurden im Februar 2024 abgeschlossen. Damit konnte der Zusammenschluss der Hausverwaltung erm\u00f6glicht werden und eine gr\u00f6\u00dfere Zahl an Einzelb\u00fcros sorgt f\u00fcr eine ideale Arbeitsumgebung f\u00fcr unser Team.<\/p>\n\n\n\n<p>Die neuen R\u00e4umlichkeiten f\u00fcgen sich dank des hochwertigen Teppichbodenbelags, speziell angefertigten Tischlerarbeiten und einer Heutapete f\u00fcr angenehme Wohlf\u00fchlatmosph\u00e4re ideal in das Gesamtbild unseres modernisierten Firmenstandortes ein.<\/p>\n\n\n\n<div class=\"wp-block-group has-background is-vertical is-layout-flex wp-container-core-group-is-layout-8cf370e7 wp-block-group-is-layout-flex\" style=\"background-color:#e6ebf6\">\n<h4 class=\"wp-block-heading\">Grundsatz der Gemeinn\u00fctzigkeit<\/h4>\n\n\n\n<p>Ganz im Sinne des Gesetzgebers, wird das erwirtschaftete Eigenkapital der Alpenl\u00e4ndischen im Generationenausgleich zur Sicherung einer nachhaltigen Wohnungsversorgung f\u00fcr die Zwecke des gemeinn\u00fctzigen Wohnungswesens eingesetzt und dauerhaft gebunden.<\/p>\n\n\n\n<p>Dieser Verpflichtung kommen Eigent\u00fcmer, Aufsichtsrat und die zahlreichen Besch\u00e4ftigten der Alpenl\u00e4ndischen seit mehr als 85 Jahren mit gro\u00dfem Engagement und Freude nach.<\/p>\n<\/div>\n","protected":false},"excerpt":{"rendered":"<p>Die Alpenl\u00e4ndische Heimst\u00e4tte wurde am 1. Juli 1938 als \u201eTreuhandstelle f\u00fcr Wohnungs- und Kleinsiedlungswesen, Gesellschaft mbH.\u201c gegr\u00fcndet und zugleich als gemeinn\u00fctzige Bauvereinigung mit Sitz in Innsbruck und B\u00fcros in Bludenz und Salzburg anerkannt. Zweiter Weltkrieg und Nachkriegszeit Bis zum Ende der Kriegsjahre wurden von lediglich 20 Mitarbeiter:innen insgesamt 240 Siedlungsh\u00e4user und 1.130 Wohnungen projektiert. Frankreich [&hellip;]<\/p>\n","protected":false},"author":1,"featured_media":0,"parent":0,"menu_order":0,"comment_status":"closed","ping_status":"open","template":"","meta":{"_acf_changed":false,"footnotes":""},"class_list":["post-175","page","type-page","status-publish","hentry"],"acf":[],"_links":{"self":[{"href":"https:\/\/alpenlaendische.at\/tirol\/wp-json\/wp\/v2\/pages\/175","targetHints":{"allow":["GET"]}}],"collection":[{"href":"https:\/\/alpenlaendische.at\/tirol\/wp-json\/wp\/v2\/pages"}],"about":[{"href":"https:\/\/alpenlaendische.at\/tirol\/wp-json\/wp\/v2\/types\/page"}],"author":[{"embeddable":true,"href":"https:\/\/alpenlaendische.at\/tirol\/wp-json\/wp\/v2\/users\/1"}],"replies":[{"embeddable":true,"href":"https:\/\/alpenlaendische.at\/tirol\/wp-json\/wp\/v2\/comments?post=175"}],"version-history":[{"count":7,"href":"https:\/\/alpenlaendische.at\/tirol\/wp-json\/wp\/v2\/pages\/175\/revisions"}],"predecessor-version":[{"id":10364,"href":"https:\/\/alpenlaendische.at\/tirol\/wp-json\/wp\/v2\/pages\/175\/revisions\/10364"}],"wp:attachment":[{"href":"https:\/\/alpenlaendische.at\/tirol\/wp-json\/wp\/v2\/media?parent=175"}],"curies":[{"name":"wp","href":"https:\/\/api.w.org\/{rel}","templated":true}]}}